{"id":359,"date":"2024-11-21T14:57:38","date_gmt":"2024-11-21T14:57:38","guid":{"rendered":"https:\/\/www.collectody.com\/?page_id=359"},"modified":"2025-08-10T09:00:28","modified_gmt":"2025-08-10T09:00:28","slug":"blog","status":"publish","type":"page","link":"https:\/\/www.collectody.com\/en\/blog\/","title":{"rendered":"Blog"},"content":{"rendered":"<p>[et_pb_section fb_built=&#8220;1&#8243; admin_label=&#8220;Header&#8220; _builder_version=&#8220;4.16&#8243; locked=&#8220;off&#8220; global_colors_info=&#8220;{}&#8220;][et_pb_row _builder_version=&#8220;4.16&#8243; global_colors_info=&#8220;{}&#8220;][et_pb_column type=&#8220;4_4&#8243; _builder_version=&#8220;4.16&#8243; global_colors_info=&#8220;{}&#8220;][et_pb_text _builder_version=&#8220;4.27.4&#8243; text_font=&#8220;Questrial||||||||&#8220; text_line_height=&#8220;1.8em&#8220; header_font=&#8220;Questrial||||||||&#8220; header_text_align=&#8220;left&#8220; header_text_color=&#8220;#45818B&#8220; header_font_size=&#8220;50px&#8220; header_line_height=&#8220;1.2em&#8220; max_width=&#8220;600px&#8220; hover_enabled=&#8220;0&#8243; text_font_size_phone=&#8220;16px&#8220; text_font_size_last_edited=&#8220;off|desktop&#8220; header_font_size_tablet=&#8220;50px&#8220; header_font_size_phone=&#8220;40px&#8220; header_font_size_last_edited=&#8220;on|phone&#8220; locked=&#8220;off&#8220; global_colors_info=&#8220;{}&#8220; sticky_enabled=&#8220;0&#8243;]<\/p>\n<h1>Blog &amp; Updates<\/h1>\n<p>[\/et_pb_text][\/et_pb_column][\/et_pb_row][et_pb_row _builder_version=&#8220;4.27.3&#8243; _module_preset=&#8220;default&#8220; global_colors_info=&#8220;{}&#8220;][et_pb_column type=&#8220;4_4&#8243; _builder_version=&#8220;4.27.3&#8243; _module_preset=&#8220;default&#8220; global_colors_info=&#8220;{}&#8220;][et_pb_text _builder_version=&#8220;4.27.4&#8243; _module_preset=&#8220;default&#8220; text_font=&#8220;Questrial||||||||&#8220; text_text_color=&#8220;#000000&#8243; text_line_height=&#8220;1.8em&#8220; global_colors_info=&#8220;{}&#8220;]<\/p>\n<p>Im Collectody-Blog findest Du spannende Beitr\u00e4ge, Tipps, Updates und Informationen aus der Welt des Sammelns. Au\u00dferdem stellen wir Dir hier neue und bew\u00e4hrte Funktionen unserer App vor und versorgen Dich mit weiteren interessanten Neuigkeiten, die Collectody betreffen. Damit kannst Du das Beste aus den neuen Features von Collectody f\u00fcr Dich herausholen und die App f\u00fcr Deine Sammlungen bestm\u00f6glich einsetzen.<\/p>\n<p>[\/et_pb_text][\/et_pb_column][\/et_pb_row][et_pb_row _builder_version=&#8220;4.27.3&#8243; global_colors_info=&#8220;{}&#8220;][et_pb_column type=&#8220;4_4&#8243; _builder_version=&#8220;4.16&#8243; global_colors_info=&#8220;{}&#8220;][et_pb_post_slider posts_number=&#8220;3&#8243; include_categories=&#8220;all&#8220; more_text=&#8220;Jetzt mehr lesen&#8220; excerpt_length=&#8220;200&#8243; show_meta=&#8220;off&#8220; use_text_overlay=&#8220;off&#8220; arrows_custom_color=&#8220;#45818B&#8220; _builder_version=&#8220;4.27.4&#8243; header_font=&#8220;Questrial||||||||&#8220; header_text_color=&#8220;#45818B&#8220; header_font_size=&#8220;40px&#8220; header_line_height=&#8220;1.2em&#8220; body_font=&#8220;Questrial||||||||&#8220; body_text_color=&#8220;#000000&#8243; body_font_size=&#8220;16px&#8220; body_line_height=&#8220;1.8em&#8220; meta_font=&#8220;Questrial||||||||&#8220; meta_text_color=&#8220;#555555&#8243; meta_font_size=&#8220;14px&#8220; background_color=&#8220;RGBA(255,255,255,0)&#8220; background_enable_image=&#8220;off&#8220; custom_button=&#8220;on&#8220; button_text_size=&#8220;17px&#8220; button_text_color=&#8220;#FFFFFF&#8220; button_bg_color=&#8220;#45818B&#8220; button_border_width=&#8220;0px&#8220; button_border_color=&#8220;#45818B&#8220; button_border_radius=&#8220;5px&#8220; button_letter_spacing=&#8220;0px&#8220; button_font=&#8220;Questrial||||||||&#8220; button_custom_padding=&#8220;15px|40px|15px|40px|true|true&#8220; background_layout=&#8220;light&#8220; link_option_url=&#8220;#&#8220; header_font_size_tablet=&#8220;40px&#8220; header_font_size_phone=&#8220;30px&#8220; header_font_size_last_edited=&#8220;on|phone&#8220; border_radii=&#8220;on|10px|10px|10px|10px&#8220; border_color_all=&#8220;RGBA(255,255,255,0)&#8220; box_shadow_style_button=&#8220;preset3&#8243; box_shadow_vertical_button=&#8220;20px&#8220; box_shadow_blur_button=&#8220;40px&#8220; box_shadow_color_button=&#8220;rgba(0,0,0,0.2)&#8220; global_colors_info=&#8220;{}&#8220;][\/et_pb_post_slider][\/et_pb_column][\/et_pb_row][\/et_pb_section][et_pb_section fb_built=&#8220;1&#8243; admin_label=&#8220;Blog&#8220; _builder_version=&#8220;4.16&#8243; global_colors_info=&#8220;{}&#8220;][et_pb_row _builder_version=&#8220;4.16&#8243; locked=&#8220;off&#8220; global_colors_info=&#8220;{}&#8220;][et_pb_column type=&#8220;4_4&#8243; _builder_version=&#8220;4.16&#8243; global_colors_info=&#8220;{}&#8220;][et_pb_blog fullwidth=&#8220;off&#8220; posts_number=&#8220;3&#8243; include_categories=&#8220;all&#8220; meta_date=&#8220;d. M Y&#8220; excerpt_length=&#8220;140&#8243; show_excerpt=&#8220;off&#8220; masonry_tile_background_color=&#8220;#ffffff&#8220; _builder_version=&#8220;4.27.4&#8243; header_level=&#8220;h3&#8243; header_font=&#8220;Questrial||||||||&#8220; header_text_color=&#8220;#45818B&#8220; header_font_size=&#8220;20px&#8220; header_line_height=&#8220;1.5em&#8220; body_font=&#8220;Questrial||||||||&#8220; body_text_color=&#8220;#000000&#8243; body_line_height=&#8220;1.8em&#8220; meta_font=&#8220;Questrial||||||||&#8220; meta_text_align=&#8220;left&#8220; meta_font_size=&#8220;14px&#8220; meta_line_height=&#8220;1.8em&#8220; read_more_font=&#8220;Questrial||||||||&#8220; read_more_font_size=&#8220;17px&#8220; pagination_font=&#8220;|600|||||||&#8220; pagination_text_color=&#8220;#000000&#8243; pagination_font_size=&#8220;16px&#8220; background_color=&#8220;#ffffff&#8220; max_height=&#8220;1000px&#8220; header_font_size_tablet=&#8220;16px&#8220; header_font_size_phone=&#8220;14px&#8220; header_font_size_last_edited=&#8220;on|phone&#8220; body_line_height_phone=&#8220;1.6em&#8220; body_line_height_last_edited=&#8220;off|desktop&#8220; border_radii=&#8220;off|10px|10px|10px|10px&#8220; border_width_all=&#8220;0px&#8220; box_shadow_style=&#8220;preset3&#8243; box_shadow_vertical=&#8220;20px&#8220; box_shadow_blur=&#8220;48px&#8220; box_shadow_spread=&#8220;-19px&#8220; box_shadow_color=&#8220;#45818B&#8220; global_colors_info=&#8220;{}&#8220;][\/et_pb_blog][\/et_pb_column][\/et_pb_row][\/et_pb_section][et_pb_section fb_built=&#8220;1&#8243; custom_padding_last_edited=&#8220;off|desktop&#8220; disabled_on=&#8220;on|on|on&#8220; admin_label=&#8220;Subscribe&#8220; _builder_version=&#8220;4.27.4&#8243; background_enable_color=&#8220;off&#8220; use_background_color_gradient=&#8220;on&#8220; background_color_gradient_stops=&#8220;#45818b 0%|#6999a1 100%&#8220; background_enable_image=&#8220;off&#8220; custom_padding_phone=&#8220;50px||50px||true|false&#8220; disabled=&#8220;on&#8220; locked=&#8220;off&#8220; global_colors_info=&#8220;{}&#8220;][et_pb_row column_structure=&#8220;1_2,1_2&#8243; module_id=&#8220;newsletter&#8220; _builder_version=&#8220;4.27.4&#8243; global_colors_info=&#8220;{}&#8220;][et_pb_column type=&#8220;1_2&#8243; _builder_version=&#8220;4.16&#8243; custom_padding=&#8220;100px||||false|false&#8220; custom_padding_tablet=&#8220;0px||||false|false&#8220; custom_padding_phone=&#8220;&#8220; custom_padding_last_edited=&#8220;on|phone&#8220; global_colors_info=&#8220;{}&#8220;][et_pb_text _builder_version=&#8220;4.27.4&#8243; text_font=&#8220;Questrial||||||||&#8220; text_text_color=&#8220;#FFFFFF&#8220; text_line_height=&#8220;1.8em&#8220; header_font=&#8220;Questrial||||||||&#8220; header_text_color=&#8220;#FFFFFF&#8220; header_2_font=&#8220;Questrial|700|||||||&#8220; header_2_text_color=&#8220;#FFFFFF&#8220; header_2_font_size=&#8220;40px&#8220; header_2_line_height=&#8220;1.2em&#8220; max_width_last_edited=&#8220;off|desktop&#8220; custom_margin=&#8220;-40px||||false|false&#8220; header_2_font_size_tablet=&#8220;40px&#8220; header_2_font_size_phone=&#8220;30px&#8220; header_2_font_size_last_edited=&#8220;on|desktop&#8220; locked=&#8220;off&#8220; global_colors_info=&#8220;{}&#8220;]<\/p>\n<h2>Collectody-Newsletter<\/h2>\n<p>Abonniere jetzt unseren kostenlosen Collectody-Newsletter (auf Deutsch oder Englisch) und erhalte neue Blog-Beitr\u00e4ge, Informationen \u00fcber neue Funktionen sowie exklusive Angebote zu unserer App direkt in Dein Postfach!<br \/>Bitte beachte: Wenn Du den Newsletter auf Englisch abonnieren m\u00f6chtest, \u00e4ndere bitte zuerst die Sprache der Seite auf Englisch.<\/p>\n<p>[\/et_pb_text][et_pb_code _builder_version=&#8220;4.27.4&#8243; _module_preset=&#8220;default&#8220; global_colors_info=&#8220;{}&#8220;]<!-- [et_pb_line_break_holder] -->                                <!-- [et_pb_line_break_holder] --> <!-- [et_pb_line_break_holder] --><\/p>\n<form method=\"post\" action=\"https:\/\/app.campaign.plus\/webform\/e8MDtx\/subscribe\"><!-- [et_pb_line_break_holder] --><label for=\"email\" style=\"color:white; font-weight: semibold; line-height: 3;\">E-mail address *<\/label><!\u2013- [et_pb_br_holder] -\u2013>            <!-- [et_pb_line_break_holder] --><input type=\"email\" name=\"email\" placeholder=\"Please enter your e-mail address\" required style=\"width: 100%; height: 40px; font-size: 16px; padding: 10px; border-radius: 5px;\"><!\u2013- [et_pb_br_holder] -\u2013><!\u2013- [et_pb_br_holder] -\u2013><!-- [et_pb_line_break_holder] --><input type=\"checkbox\" id=\"checkbox-nl\" name=\"checkbox-nl\" required style=\"transform: scale(1.7); margin-right: 10px;\"><!-- [et_pb_line_break_holder] --><label for=\"checkbox-nl\" style=\"color: white; line-height: 1.2;\"><!-- [et_pb_line_break_holder] -->        * Please send me the latest news, exclusive offers and information on new features for the Collectody app in accordance with your <a href=\"https:\/\/www.collectody.com\/datenschutzerklaerung\/\" target=\"_blank\" rel=\"noopener\" style=\"color: white; text-decoration: underline;\"> privacy policy<\/a> By receiving the free newsletter, I agree to the newsletter analysis through individual measurement, storage and evaluation of opening and click rates in recipient profiles for the purpose of designing future newsletters according to the interests of the readers. This consent can be revoked at any time with effect for the future.<!\u2013- [et_pb_br_holder] -\u2013><!\u2013- [et_pb_br_holder] -\u2013>            <!-- [et_pb_line_break_holder] -->            <input type=\"submit\" value=\"Submit\" style=\"background-color: #d1ebee; color: #45818b; font-size: 22px; padding: 10px 20px; border: none; border-radius: 5px; cursor: pointer;\"><!-- [et_pb_line_break_holder] -->            <\/form>\n<p>                             <!-- [et_pb_line_break_holder] -->[\/et_pb_code][\/et_pb_column][et_pb_column type=&#8220;1_2&#8243; _builder_version=&#8220;4.16&#8243; global_colors_info=&#8220;{}&#8220;][et_pb_image src=&#8220;https:\/\/www.collectody.com\/wp-content\/uploads\/2024\/11\/collectody-ueber-uns.png&#8220; title_text=&#8220;collectody-ueber-uns&#8220; _builder_version=&#8220;4.27.3&#8243; global_colors_info=&#8220;{}&#8220;][\/et_pb_image][\/et_pb_column][\/et_pb_row][\/et_pb_section][et_pb_section fb_built=&#8220;1&#8243; disabled_on=&#8220;off|off|off&#8220; _builder_version=&#8220;4.27.4&#8243; _module_preset=&#8220;default&#8220; background_color=&#8220;#45818B&#8220; global_colors_info=&#8220;{}&#8220;][et_pb_row column_structure=&#8220;2_3,1_3&#8243; make_equal=&#8220;on&#8220; custom_padding_last_edited=&#8220;on|phone&#8220; _builder_version=&#8220;4.27.4&#8243; _module_preset=&#8220;default&#8220; background_color=&#8220;#FFFFFF&#8220; background_enable_image=&#8220;off&#8220; custom_margin=&#8220;||30px||false|false&#8220; custom_padding=&#8220;50px|60px|50px|60px|true|true&#8220; custom_padding_tablet=&#8220;8vw|30px|8vw|30px|true|false&#8220; custom_padding_phone=&#8220;|20px||20px|true|true&#8220; custom_css_free_form=&#8220;@media (max-width: 980px) {||  \/* Zeile als Flex-Container *\/||  .et_pb_row {||    display: flex;||    flex-wrap: wrap;||  }||||  \/* Spalten-Reihenfolge und Breite *\/||  .blog-nl-column-left {||    order: 2;||    width: 100%;||  }||||  .blog-nl-column-right {||    order: 1;||    width: 100%;||  }||}&#8220; border_radii=&#8220;on|5px|5px|5px|5px&#8220; saved_tabs=&#8220;all&#8220; locked=&#8220;off&#8220; global_colors_info=&#8220;{%22gcid-5bbe85b5-e062-46e3-9323-52fc77b5505a%22:%91%22background_color_gradient_stops%22%93}&#8220;][et_pb_column type=&#8220;2_3&#8243; module_class=&#8220;blog-nl-column-left&#8220; _builder_version=&#8220;4.27.4&#8243; _module_preset=&#8220;default&#8220; custom_padding=&#8220;||||false|false&#8220; custom_padding_tablet=&#8220;||||false|false&#8220; custom_padding_phone=&#8220;|0px|||false|false&#8220; custom_padding_last_edited=&#8220;on|phone&#8220; global_colors_info=&#8220;{}&#8220;][et_pb_text _builder_version=&#8220;4.27.4&#8243; _module_preset=&#8220;_initial&#8220; text_font=&#8220;&#8211;et_global_body_font||||||||&#8220; text_text_color=&#8220;#45818B&#8220; text_font_size=&#8220;25px&#8220; text_line_height=&#8220;1.3em&#8220; header_2_font=&#8220;Poppins|500|||||||&#8220; header_2_font_size=&#8220;52px&#8220; header_2_line_height=&#8220;1.2em&#8220; custom_margin=&#8220;||10px||false|false&#8220; header_2_font_size_tablet=&#8220;32px&#8220; header_2_font_size_phone=&#8220;20px&#8220; header_2_font_size_last_edited=&#8220;on|desktop&#8220; locked=&#8220;off&#8220; global_colors_info=&#8220;{}&#8220;]<\/p>\n<p>Du m\u00f6chtest keinen Blogbeitrag und keine Neuigkeit zu\u00a0Collectody verpassen?<\/p>\n<p>[\/et_pb_text][et_pb_text _builder_version=&#8220;4.27.4&#8243; _module_preset=&#8220;_initial&#8220; text_font=&#8220;Questrial||||||||&#8220; text_line_height=&#8220;1.8em&#8220; custom_margin=&#8220;||||false|false&#8220; text_font_tablet=&#8220;Questrial||||||||&#8220; text_font_phone=&#8220;Questrial||||||||&#8220; text_font_last_edited=&#8220;on|desktop&#8220; text_font_size_tablet=&#8220;17px&#8220; text_font_size_phone=&#8220;17px&#8220; text_font_size_last_edited=&#8220;on|desktop&#8220; global_colors_info=&#8220;{}&#8220;]<\/p>\n<p>Dann abonniere kostenlos und unverbindlich unseren Collectody-Newsletter! Wir informieren Dich, sobald es Neuigkeiten und neue Blogbeitr\u00e4ge gibt, und nehmen Dich mit hinter die Kulissen von Collectody!<\/p>\n<p>[\/et_pb_text][et_pb_button button_url=&#8220;https:\/\/www.collectody.com\/collectody-newsletter\/&#8220; button_text=&#8220;Zum Newsletter&#8220; button_alignment=&#8220;left&#8220; button_alignment_tablet=&#8220;center&#8220; button_alignment_phone=&#8220;center&#8220; button_alignment_last_edited=&#8220;on|phone&#8220; _builder_version=&#8220;4.27.4&#8243; custom_button=&#8220;on&#8220; button_text_size=&#8220;20px&#8220; button_text_color=&#8220;#FFFFFF&#8220; button_bg_color=&#8220;#45818B&#8220; button_border_width=&#8220;0px&#8220; button_border_color=&#8220;#45818B&#8220; button_border_radius=&#8220;5px&#8220; button_letter_spacing=&#8220;0px&#8220; button_font=&#8220;Questrial||||||||&#8220; button_icon=&#8220;&#x35;||divi||400&#8243; button_icon_color=&#8220;#FFFFFF&#8220; custom_padding=&#8220;16px||16px||true|true&#8220; animation_style=&#8220;fade&#8220; locked=&#8220;off&#8220; global_colors_info=&#8220;{}&#8220;][\/et_pb_button][\/et_pb_column][et_pb_column type=&#8220;1_3&#8243; module_class=&#8220;blog-nl-column-right&#8220; _builder_version=&#8220;4.27.4&#8243; _module_preset=&#8220;default&#8220; custom_padding=&#8220;||||false|false&#8220; custom_padding_tablet=&#8220;||||false|false&#8220; custom_padding_phone=&#8220;|0px|||false|false&#8220; custom_padding_last_edited=&#8220;on|phone&#8220; global_colors_info=&#8220;{}&#8220;][et_pb_image src=&#8220;https:\/\/www.collectody.com\/wp-content\/uploads\/2025\/08\/collectody-zum-newsletter-anmelden-de.png&#8220; alt=&#8220;Zum Collectody-Newsletter anmelden&#8220; title_text=&#8220;collectody-zum-newsletter-anmelden-de&#8220; _builder_version=&#8220;4.27.4&#8243; _module_preset=&#8220;default&#8220; global_colors_info=&#8220;{}&#8220;][\/et_pb_image][\/et_pb_column][\/et_pb_row][\/et_pb_section][et_pb_section fb_built=&#8220;1&#8243; _builder_version=&#8220;4.27.4&#8243; _module_preset=&#8220;default&#8220; global_colors_info=&#8220;{}&#8220;][et_pb_row _builder_version=&#8220;4.27.4&#8243; _module_preset=&#8220;default&#8220; global_colors_info=&#8220;{}&#8220;][et_pb_column type=&#8220;4_4&#8243; _builder_version=&#8220;4.27.4&#8243; _module_preset=&#8220;default&#8220; global_colors_info=&#8220;{}&#8220;][\/et_pb_column][\/et_pb_row][\/et_pb_section]<\/p>\n","protected":false},"excerpt":{"rendered":"<p>Blog &amp; UpdatesIm Collectody-Blog findest Du spannende Beitr\u00e4ge, Tipps, Updates und Informationen aus der Welt des Sammelns. Au\u00dferdem stellen wir Dir hier neue und bew\u00e4hrte Funktionen unserer App vor und versorgen Dich mit weiteren interessanten Neuigkeiten, die Collectody betreffen. Damit kannst Du das Beste aus den neuen Features von Collectody f\u00fcr Dich herausholen und die [&hellip;]<\/p>\n","protected":false},"author":1,"featured_media":0,"parent":0,"menu_order":0,"comment_status":"closed","ping_status":"closed","template":"","meta":{"_et_pb_use_builder":"on","_et_pb_old_content":"<!-- wp:divi\/placeholder \/-->","_et_gb_content_width":"","footnotes":""},"class_list":["post-359","page","type-page","status-publish","hentry"],"yoast_head":"<!-- This site is optimized with the Yoast SEO plugin v27.3 - https:\/\/yoast.com\/product\/yoast-seo-wordpress\/ -->\n<title>Blog - Tipps, Neuigkeiten und neue Features von Collectody<\/title>\n<meta name=\"description\" content=\"In unserem Blog findest Du Beitr\u00e4ge, Tipps und Neuigkeiten aus der Welt des Sammelns und alles Wissenswerte \u00fcber unsere Collectody App!\" \/>\n<meta name=\"robots\" content=\"index, follow, max-snippet:-1, max-image-preview:large, max-video-preview:-1\" \/>\n<link rel=\"canonical\" href=\"https:\/\/www.collectody.com\/en\/blog\/\" \/>\n<meta property=\"og:locale\" content=\"en_GB\" \/>\n<meta property=\"og:type\" content=\"article\" \/>\n<meta property=\"og:title\" content=\"Blog - Tipps, Neuigkeiten und neue Features von Collectody\" \/>\n<meta property=\"og:description\" content=\"In unserem Blog findest Du Beitr\u00e4ge, Tipps und Neuigkeiten aus der Welt des Sammelns und alles Wissenswerte \u00fcber unsere Collectody App!\" \/>\n<meta property=\"og:url\" content=\"https:\/\/www.collectody.com\/en\/blog\/\" \/>\n<meta property=\"og:site_name\" content=\"Collectody\" \/>\n<meta property=\"article:publisher\" content=\"https:\/\/www.facebook.com\/collectody\" \/>\n<meta property=\"article:modified_time\" content=\"2025-08-10T09:00:28+00:00\" \/>\n<meta name=\"twitter:card\" content=\"summary_large_image\" \/>\n<script type=\"application\/ld+json\" class=\"yoast-schema-graph\">{\"@context\":\"https:\\\/\\\/schema.org\",\"@graph\":[{\"@type\":\"WebPage\",\"@id\":\"https:\\\/\\\/www.collectody.com\\\/blog\\\/\",\"url\":\"https:\\\/\\\/www.collectody.com\\\/blog\\\/\",\"name\":\"Blog - Tipps, Neuigkeiten und neue Features von Collectody\",\"isPartOf\":{\"@id\":\"https:\\\/\\\/www.collectody.com\\\/#website\"},\"datePublished\":\"2024-11-21T14:57:38+00:00\",\"dateModified\":\"2025-08-10T09:00:28+00:00\",\"description\":\"In unserem Blog findest Du Beitr\u00e4ge, Tipps und Neuigkeiten aus der Welt des Sammelns und alles Wissenswerte \u00fcber unsere Collectody App!\",\"breadcrumb\":{\"@id\":\"https:\\\/\\\/www.collectody.com\\\/blog\\\/#breadcrumb\"},\"inLanguage\":\"en-GB\",\"potentialAction\":[{\"@type\":\"ReadAction\",\"target\":[\"https:\\\/\\\/www.collectody.com\\\/blog\\\/\"]}]},{\"@type\":\"BreadcrumbList\",\"@id\":\"https:\\\/\\\/www.collectody.com\\\/blog\\\/#breadcrumb\",\"itemListElement\":[{\"@type\":\"ListItem\",\"position\":1,\"name\":\"Startseite\",\"item\":\"https:\\\/\\\/www.collectody.com\\\/\"},{\"@type\":\"ListItem\",\"position\":2,\"name\":\"Blog\"}]},{\"@type\":\"WebSite\",\"@id\":\"https:\\\/\\\/www.collectody.com\\\/#website\",\"url\":\"https:\\\/\\\/www.collectody.com\\\/\",\"name\":\"Collectody\",\"description\":\"Verwalte und organisiere alle Deine Sammlungen in einer App!\",\"publisher\":{\"@id\":\"https:\\\/\\\/www.collectody.com\\\/#organization\"},\"alternateName\":\"Verwalte und organisiere alle Deine Sammlungen in einer App!\",\"potentialAction\":[{\"@type\":\"SearchAction\",\"target\":{\"@type\":\"EntryPoint\",\"urlTemplate\":\"https:\\\/\\\/www.collectody.com\\\/?s={search_term_string}\"},\"query-input\":{\"@type\":\"PropertyValueSpecification\",\"valueRequired\":true,\"valueName\":\"search_term_string\"}}],\"inLanguage\":\"en-GB\"},{\"@type\":\"Organization\",\"@id\":\"https:\\\/\\\/www.collectody.com\\\/#organization\",\"name\":\"Collectody\",\"url\":\"https:\\\/\\\/www.collectody.com\\\/\",\"logo\":{\"@type\":\"ImageObject\",\"inLanguage\":\"en-GB\",\"@id\":\"https:\\\/\\\/www.collectody.com\\\/#\\\/schema\\\/logo\\\/image\\\/\",\"url\":\"https:\\\/\\\/www.collectody.com\\\/wp-content\\\/uploads\\\/2025\\\/01\\\/cropped-collectody-favicon.png\",\"contentUrl\":\"https:\\\/\\\/www.collectody.com\\\/wp-content\\\/uploads\\\/2025\\\/01\\\/cropped-collectody-favicon.png\",\"width\":512,\"height\":512,\"caption\":\"Collectody\"},\"image\":{\"@id\":\"https:\\\/\\\/www.collectody.com\\\/#\\\/schema\\\/logo\\\/image\\\/\"},\"sameAs\":[\"https:\\\/\\\/www.facebook.com\\\/collectody\",\"https:\\\/\\\/www.instagram.com\\\/collectody\"]}]}<\/script>\n<!-- \/ Yoast SEO plugin. -->","yoast_head_json":{"title":"Blog - Tips, news, and new features from Collectody","description":"In our blog, you will find articles, tips, and news from the world of collecting, as well as everything you need to know about our Collectody app!","robots":{"index":"index","follow":"follow","max-snippet":"max-snippet:-1","max-image-preview":"max-image-preview:large","max-video-preview":"max-video-preview:-1"},"canonical":"https:\/\/www.collectody.com\/en\/blog\/","og_locale":"en_GB","og_type":"article","og_title":"Blog - Tipps, Neuigkeiten und neue Features von Collectody","og_description":"In unserem Blog findest Du Beitr\u00e4ge, Tipps und Neuigkeiten aus der Welt des Sammelns und alles Wissenswerte \u00fcber unsere Collectody App!","og_url":"https:\/\/www.collectody.com\/en\/blog\/","og_site_name":"Collectody","article_publisher":"https:\/\/www.facebook.com\/collectody","article_modified_time":"2025-08-10T09:00:28+00:00","twitter_card":"summary_large_image","schema":{"@context":"https:\/\/schema.org","@graph":[{"@type":"WebPage","@id":"https:\/\/www.collectody.com\/blog\/","url":"https:\/\/www.collectody.com\/blog\/","name":"Blog - Tips, news, and new features from Collectody","isPartOf":{"@id":"https:\/\/www.collectody.com\/#website"},"datePublished":"2024-11-21T14:57:38+00:00","dateModified":"2025-08-10T09:00:28+00:00","description":"In our blog, you will find articles, tips, and news from the world of collecting, as well as everything you need to know about our Collectody app!","breadcrumb":{"@id":"https:\/\/www.collectody.com\/blog\/#breadcrumb"},"inLanguage":"en-GB","potentialAction":[{"@type":"ReadAction","target":["https:\/\/www.collectody.com\/blog\/"]}]},{"@type":"BreadcrumbList","@id":"https:\/\/www.collectody.com\/blog\/#breadcrumb","itemListElement":[{"@type":"ListItem","position":1,"name":"Startseite","item":"https:\/\/www.collectody.com\/"},{"@type":"ListItem","position":2,"name":"Blog"}]},{"@type":"WebSite","@id":"https:\/\/www.collectody.com\/#website","url":"https:\/\/www.collectody.com\/","name":"Collectody","description":"Manage and organize all your collections in one app!","publisher":{"@id":"https:\/\/www.collectody.com\/#organization"},"alternateName":"Verwalte und organisiere alle Deine Sammlungen in einer App!","potentialAction":[{"@type":"SearchAction","target":{"@type":"EntryPoint","urlTemplate":"https:\/\/www.collectody.com\/?s={search_term_string}"},"query-input":{"@type":"PropertyValueSpecification","valueRequired":true,"valueName":"search_term_string"}}],"inLanguage":"en-GB"},{"@type":"Organization","@id":"https:\/\/www.collectody.com\/#organization","name":"Collectody","url":"https:\/\/www.collectody.com\/","logo":{"@type":"ImageObject","inLanguage":"en-GB","@id":"https:\/\/www.collectody.com\/#\/schema\/logo\/image\/","url":"https:\/\/www.collectody.com\/wp-content\/uploads\/2025\/01\/cropped-collectody-favicon.png","contentUrl":"https:\/\/www.collectody.com\/wp-content\/uploads\/2025\/01\/cropped-collectody-favicon.png","width":512,"height":512,"caption":"Collectody"},"image":{"@id":"https:\/\/www.collectody.com\/#\/schema\/logo\/image\/"},"sameAs":["https:\/\/www.facebook.com\/collectody","https:\/\/www.instagram.com\/collectody"]}]}},"_links":{"self":[{"href":"https:\/\/www.collectody.com\/en\/wp-json\/wp\/v2\/pages\/359","targetHints":{"allow":["GET"]}}],"collection":[{"href":"https:\/\/www.collectody.com\/en\/wp-json\/wp\/v2\/pages"}],"about":[{"href":"https:\/\/www.collectody.com\/en\/wp-json\/wp\/v2\/types\/page"}],"author":[{"embeddable":true,"href":"https:\/\/www.collectody.com\/en\/wp-json\/wp\/v2\/users\/1"}],"replies":[{"embeddable":true,"href":"https:\/\/www.collectody.com\/en\/wp-json\/wp\/v2\/comments?post=359"}],"version-history":[{"count":65,"href":"https:\/\/www.collectody.com\/en\/wp-json\/wp\/v2\/pages\/359\/revisions"}],"predecessor-version":[{"id":1617,"href":"https:\/\/www.collectody.com\/en\/wp-json\/wp\/v2\/pages\/359\/revisions\/1617"}],"wp:attachment":[{"href":"https:\/\/www.collectody.com\/en\/wp-json\/wp\/v2\/media?parent=359"}],"curies":[{"name":"wp","href":"https:\/\/api.w.org\/{rel}","templated":true}]}}