{"id":489,"date":"2025-01-04T10:05:12","date_gmt":"2025-01-04T10:05:12","guid":{"rendered":"https:\/\/www.collectody.com\/?page_id=489"},"modified":"2025-10-11T12:02:21","modified_gmt":"2025-10-11T12:02:21","slug":"collectody-newsletter","status":"publish","type":"page","link":"https:\/\/www.collectody.com\/en\/collectody-newsletter\/","title":{"rendered":"Collectody Newsletter"},"content":{"rendered":"<p>[et_pb_section fb_built=&#8220;1&#8243; custom_padding_last_edited=&#8220;off|desktop&#8220; admin_label=&#8220;Header&#8220; _builder_version=&#8220;4.27.4&#8243; background_color=&#8220;#45818B&#8220; background_image=&#8220;https:\/\/www.collectody.com\/wp-content\/uploads\/2025\/08\/collectody-newsletter-header.png&#8220; background_position=&#8220;bottom_center&#8220; custom_padding=&#8220;54px||16px|||&#8220; locked=&#8220;off&#8220; global_colors_info=&#8220;{}&#8220;][et_pb_row column_structure=&#8220;1_2,1_2&#8243; _builder_version=&#8220;4.27.4&#8243; max_width=&#8220;none&#8220; overflow-x=&#8220;visible&#8220; overflow-y=&#8220;visible&#8220; custom_margin=&#8220;|auto|30px|auto||&#8220; custom_margin_tablet=&#8220;|auto|30px|auto||&#8220; custom_margin_phone=&#8220;||0px||false|false&#8220; custom_margin_last_edited=&#8220;on|phone&#8220; global_colors_info=&#8220;{}&#8220;][et_pb_column type=&#8220;1_2&#8243; _builder_version=&#8220;4.16&#8243; custom_padding=&#8220;7vw||100px||false|false&#8220; custom_padding_tablet=&#8220;0px||0px||true|false&#8220; custom_padding_phone=&#8220;&#8220; custom_padding_last_edited=&#8220;on|tablet&#8220; global_colors_info=&#8220;{}&#8220;][et_pb_text _builder_version=&#8220;4.27.4&#8243; text_font=&#8220;Questrial|600|||||||&#8220; text_font_size=&#8220;25px&#8220; text_line_height=&#8220;1.5em&#8220; header_font=&#8220;Questrial||||||||&#8220; header_font_size=&#8220;50px&#8220; header_letter_spacing=&#8220;1px&#8220; header_line_height=&#8220;1.3em&#8220; header_2_font_size=&#8220;25px&#8220; header_2_line_height=&#8220;1.3em&#8220; background_layout=&#8220;dark&#8220; text_font_size_tablet=&#8220;16px&#8220; text_font_size_phone=&#8220;14px&#8220; text_font_size_last_edited=&#8220;on|phone&#8220; header_font_size_tablet=&#8220;50px&#8220; header_font_size_phone=&#8220;40px&#8220; header_font_size_last_edited=&#8220;on|phone&#8220; header_2_font_size_tablet=&#8220;25px&#8220; header_2_font_size_phone=&#8220;25px&#8220; header_2_font_size_last_edited=&#8220;on|phone&#8220; locked=&#8220;off&#8220; global_colors_info=&#8220;{}&#8220;]<\/p>\n<h1>Collectody Newsletter<\/h1>\n<h2>Erfahre alles rund um Collectody in unserem kostenlosen Newsletter!<\/h2>\n<p>[\/et_pb_text][et_pb_button button_url=&#8220;#newsletter&#8220; button_text=&#8220;Kostenlos anmelden&#8220; button_alignment=&#8220;left&#8220; _builder_version=&#8220;4.27.4&#8243; custom_button=&#8220;on&#8220; button_text_size=&#8220;22px&#8220; button_text_color=&#8220;#45818B&#8220; button_bg_color=&#8220;#D1EBEE&#8220; button_border_width=&#8220;1px&#8220; button_border_color=&#8220;#D1EBEE&#8220; button_border_radius=&#8220;5px&#8220; button_letter_spacing=&#8220;0px&#8220; button_font=&#8220;||||||||&#8220; button_icon_color=&#8220;#45818B&#8220; custom_margin_tablet=&#8220;&#8220; custom_margin_phone=&#8220;||100px||false|false&#8220; custom_margin_last_edited=&#8220;on|phone&#8220; custom_padding=&#8220;16px||16px||true|true&#8220; animation_style=&#8220;fade&#8220; locked=&#8220;off&#8220; global_colors_info=&#8220;{}&#8220;][\/et_pb_button][\/et_pb_column][et_pb_column type=&#8220;1_2&#8243; _builder_version=&#8220;4.16&#8243; global_colors_info=&#8220;{}&#8220;][et_pb_image src=&#8220;https:\/\/www.collectody.com\/wp-content\/uploads\/2025\/08\/collectody-newsletter-header-de-de.png&#8220; alt=&#8220;Screenshot Anmeldung zum Collectody-Newsletter&#8220; title_text=&#8220;collectody-newsletter-header-de-de&#8220; align=&#8220;right&#8220; disabled_on=&#8220;on|on|off&#8220; _builder_version=&#8220;4.27.4&#8243; background_color=&#8220;RGBA(255,255,255,0)&#8220; transform_translate=&#8220;15%|3%&#8220; transform_translate_linked=&#8220;off&#8220; transform_rotate=&#8220;0deg|0deg|39deg&#8220; width=&#8220;70%&#8220; module_alignment=&#8220;right&#8220; max_height_tablet=&#8220;600px&#8220; max_height_phone=&#8220;400px&#8220; max_height_last_edited=&#8220;on|phone&#8220; custom_margin=&#8220;-40%|||-20%|false|false&#8220; custom_margin_tablet=&#8220;|0vw|0%||false|false&#8220; custom_margin_phone=&#8220;&#8220; custom_margin_last_edited=&#8220;on|tablet&#8220; locked=&#8220;off&#8220; global_colors_info=&#8220;{}&#8220;][\/et_pb_image][\/et_pb_column][\/et_pb_row][\/et_pb_section][et_pb_section fb_built=&#8220;1&#8243; _builder_version=&#8220;4.27.4&#8243; _module_preset=&#8220;default&#8220; custom_margin=&#8220;||||false|false&#8220; custom_padding=&#8220;3px||3px||false|false&#8220; global_colors_info=&#8220;{}&#8220;][et_pb_row custom_padding_last_edited=&#8220;on|phone&#8220; _builder_version=&#8220;4.27.4&#8243; _module_preset=&#8220;default&#8220; custom_margin_tablet=&#8220;&#8220; custom_margin_phone=&#8220;&#8220; custom_margin_last_edited=&#8220;on|phone&#8220; custom_padding_tablet=&#8220;&#8220; custom_padding_phone=&#8220;0px||||false|false&#8220; global_colors_info=&#8220;{}&#8220;][et_pb_column type=&#8220;4_4&#8243; _builder_version=&#8220;4.27.4&#8243; _module_preset=&#8220;default&#8220; global_colors_info=&#8220;{}&#8220;][et_pb_text _builder_version=&#8220;4.27.4&#8243; _module_preset=&#8220;default&#8220; header_2_font=&#8220;Questrial||||||||&#8220; header_2_text_align=&#8220;center&#8220; header_2_text_color=&#8220;#45818B&#8220; header_2_font_size=&#8220;25px&#8220; header_2_line_height=&#8220;1.3em&#8220; global_colors_info=&#8220;{}&#8220;]<\/p>\n<h2>Das erwartet Dich in unserem Newsletter<\/h2>\n<p>[\/et_pb_text][\/et_pb_column][\/et_pb_row][\/et_pb_section][et_pb_section fb_built=&#8220;1&#8243; admin_label=&#8220;Features&#8220; _builder_version=&#8220;4.16&#8243; custom_padding=&#8220;0px|0px|100px|0px||&#8220; locked=&#8220;off&#8220; global_colors_info=&#8220;{}&#8220;][et_pb_row column_structure=&#8220;1_3,1_3,1_3&#8243; _builder_version=&#8220;4.16&#8243; global_colors_info=&#8220;{}&#8220;][et_pb_column type=&#8220;1_3&#8243; _builder_version=&#8220;4.16&#8243; custom_padding=&#8220;|||&#8220; global_colors_info=&#8220;{}&#8220; custom_padding__hover=&#8220;|||&#8220;][et_pb_blurb title=&#8220;Erfahre News zu Updates &#038; neuen Features&#8220; image_icon_background_color=&#8220;#45818B&#8220; image=&#8220;https:\/\/www.collectody.com\/wp-content\/uploads\/2025\/01\/collectody-icon-news.png&#8220; alt=&#8220;Collectody Newsletter &#8211; News zu Updates und Features&#8220; image_icon_width=&#8220;40%&#8220; _builder_version=&#8220;4.27.4&#8243; header_level=&#8220;h2&#8243; header_font=&#8220;Questrial||||||||&#8220; header_text_color=&#8220;#45818B&#8220; header_font_size=&#8220;20px&#8220; header_line_height=&#8220;1.4em&#8220; body_font=&#8220;Questrial||||||||&#8220; body_text_color=&#8220;#000000&#8243; body_line_height=&#8220;1.8em&#8220; text_orientation=&#8220;center&#8220; animation_style=&#8220;fade&#8220; animation=&#8220;off&#8220; border_radii_image=&#8220;on|20px|20px|20px|20px&#8220; border_width_all_image=&#8220;1px&#8220; border_color_all_image=&#8220;#45818B&#8220; box_shadow_style_image=&#8220;preset2&#8243; global_colors_info=&#8220;{}&#8220;]<\/p>\n<p>Wir informieren Dich regelm\u00e4\u00dfig \u00fcber neue Funktionen und andere Updates. Damit geh\u00f6rst Du nicht nur zu den ersten Nutzern, die sich \u00fcber neue Features freuen d\u00fcrfen, sondern Du erh\u00e4ltst dar\u00fcber hinaus hilfreiche Tipps, Tricks und Anregungen dazu. So kannst Du Collectody bestm\u00f6glich f\u00fcr Deine Sammlungen nutzen und das Optimum f\u00fcr Dich rausholen.<\/p>\n<p>[\/et_pb_blurb][\/et_pb_column][et_pb_column type=&#8220;1_3&#8243; _builder_version=&#8220;4.16&#8243; custom_padding=&#8220;|||&#8220; global_colors_info=&#8220;{}&#8220; custom_padding__hover=&#8220;|||&#8220;][et_pb_blurb title=&#8220;Erhalte einen Blick hinter die Kulissen&#8220; image_icon_background_color=&#8220;#45818B&#8220; image=&#8220;https:\/\/www.collectody.com\/wp-content\/uploads\/2025\/01\/collectody-icon-blick-hinter-die-kulissen.png&#8220; alt=&#8220;Collectody Newsletter &#8211; Blick hinter die Kulissen&#8220; image_icon_width=&#8220;40%&#8220; _builder_version=&#8220;4.27.4&#8243; header_level=&#8220;h2&#8243; header_font=&#8220;Questrial||||||||&#8220; header_text_color=&#8220;#45818B&#8220; header_font_size=&#8220;20px&#8220; header_line_height=&#8220;1.4em&#8220; body_font=&#8220;Questrial||||||||&#8220; body_text_color=&#8220;#000000&#8243; body_line_height=&#8220;1.8em&#8220; text_orientation=&#8220;center&#8220; max_width_last_edited=&#8220;off|desktop&#8220; animation_style=&#8220;fade&#8220; animation=&#8220;off&#8220; border_radii_image=&#8220;on|20px|20px|20px|20px&#8220; border_width_all_image=&#8220;1px&#8220; border_color_all_image=&#8220;#45818B&#8220; box_shadow_style_image=&#8220;preset2&#8243; global_colors_info=&#8220;{}&#8220;]<\/p>\n<p>Erfahre ganz exklusiv, woran wir arbeiten und wie wir Collectody kontinuierlich weiterentwickeln. Wir geben von Zeit zu Zeit einen Ausblick auf zuk\u00fcnftige Collectody-Features, Du bist also stets ganz nah dran am aktuellen Geschehen. Einblicke in unsere eigenen Sammlungen d\u00fcrfen nat\u00fcrlich auch nicht fehlen &#8211; schlie\u00dflich sind wir selbst in erster Linie auch Sammler und Collectody-Nutzer!<\/p>\n<p>[\/et_pb_blurb][\/et_pb_column][et_pb_column type=&#8220;1_3&#8243; _builder_version=&#8220;4.16&#8243; custom_padding=&#8220;|||&#8220; global_colors_info=&#8220;{}&#8220; custom_padding__hover=&#8220;|||&#8220;][et_pb_blurb title=&#8220;Werde Teil der Collectody-Community&#8220; image_icon_background_color=&#8220;#45818B&#8220; image=&#8220;https:\/\/www.collectody.com\/wp-content\/uploads\/2025\/01\/collectody-icon-community.png&#8220; alt=&#8220;Collectody Newsletter &#8211; Community&#8220; image_icon_width=&#8220;40%&#8220; _builder_version=&#8220;4.27.4&#8243; header_level=&#8220;h2&#8243; header_font=&#8220;Questrial||||||||&#8220; header_text_color=&#8220;#45818B&#8220; header_font_size=&#8220;20px&#8220; header_line_height=&#8220;1.4em&#8220; body_font=&#8220;Questrial||||||||&#8220; body_text_color=&#8220;#000000&#8243; body_line_height=&#8220;1.8em&#8220; text_orientation=&#8220;center&#8220; animation_style=&#8220;fade&#8220; animation=&#8220;off&#8220; border_radii_image=&#8220;on|20px|20px|20px|20px&#8220; border_width_all_image=&#8220;1px&#8220; border_color_all_image=&#8220;#45818B&#8220; box_shadow_style_image=&#8220;preset2&#8243; locked=&#8220;off&#8220; global_colors_info=&#8220;{}&#8220;]<\/p>\n<p>Unterst\u00fctze uns (und damit auch alle anderen Nutzer) mit Deinem wertvollen Feedback und leiste so einen entscheidenden Beitrag zur Weiterentwicklung von Collectody! Es ist uns wichtig, zu erfahren, was Du denkst und welche Features Du liebst und welche Dir fehlen. Denn Collectody soll vor allem eins sein: Eine App von Sammlern f\u00fcr Sammler!<\/p>\n<p>[\/et_pb_blurb][\/et_pb_column][\/et_pb_row][\/et_pb_section][et_pb_section fb_built=&#8220;1&#8243; custom_padding_last_edited=&#8220;off|desktop&#8220; admin_label=&#8220;Subscribe&#8220; _builder_version=&#8220;4.27.4&#8243; use_background_color_gradient=&#8220;on&#8220; background_color_gradient_stops=&#8220;#45818b 0%|#6999a1 100%&#8220; background_enable_image=&#8220;off&#8220; custom_padding=&#8220;20px||20px||false|false&#8220; custom_padding_phone=&#8220;50px||50px||true|false&#8220; locked=&#8220;off&#8220; global_colors_info=&#8220;{}&#8220;][et_pb_row column_structure=&#8220;1_2,1_2&#8243; module_id=&#8220;newsletter&#8220; _builder_version=&#8220;4.27.4&#8243; background_color=&#8220;RGBA(255,255,255,0)&#8220; custom_margin=&#8220;0px||||false|false&#8220; custom_margin_tablet=&#8220;0px||||false|false&#8220; custom_margin_phone=&#8220;0px||||false|false&#8220; custom_margin_last_edited=&#8220;on|tablet&#8220; global_colors_info=&#8220;{}&#8220;][et_pb_column type=&#8220;1_2&#8243; _builder_version=&#8220;4.27.4&#8243; custom_padding=&#8220;100px||||false|false&#8220; custom_padding_tablet=&#8220;0px||||false|false&#8220; custom_padding_phone=&#8220;&#8220; custom_padding_last_edited=&#8220;on|phone&#8220; global_colors_info=&#8220;{}&#8220;][et_pb_text _builder_version=&#8220;4.27.4&#8243; text_font=&#8220;Questrial||||||||&#8220; text_text_color=&#8220;#FFFFFF&#8220; text_line_height=&#8220;1.8em&#8220; header_font=&#8220;Questrial||||||||&#8220; header_text_color=&#8220;#FFFFFF&#8220; header_2_font=&#8220;Questrial||||||||&#8220; header_2_text_color=&#8220;#FFFFFF&#8220; header_2_font_size=&#8220;25px&#8220; header_2_line_height=&#8220;1.3em&#8220; max_width_last_edited=&#8220;off|desktop&#8220; custom_margin=&#8220;||||false|false&#8220; custom_padding=&#8220;||||false|false&#8220; header_2_font_size_tablet=&#8220;25px&#8220; header_2_font_size_phone=&#8220;25px&#8220; header_2_font_size_last_edited=&#8220;on|desktop&#8220; locked=&#8220;off&#8220; global_colors_info=&#8220;{}&#8220;]<\/p>\n<h2>Newsletter-Anmeldung<\/h2>\n<\/p>\n<p>Abonniere jetzt unseren kostenlosen Collectody-Newsletter (auf Deutsch oder Englisch) und erhalte neue Blog-Beitr\u00e4ge, Informationen \u00fcber neue Funktionen sowie exklusive Angebote zu unserer App direkt in Dein Postfach!<br \/>Bitte beachte: Wenn Du den Newsletter auf Englisch abonnieren m\u00f6chtest, \u00e4ndere bitte zuerst die Sprache der Seite auf Englisch.<\/p>\n<p>[\/et_pb_text][et_pb_code _builder_version=&#8220;4.27.4&#8243; _module_preset=&#8220;default&#8220; hover_enabled=&#8220;0&#8243; global_colors_info=&#8220;{}&#8220; sticky_enabled=&#8220;0&#8243;]<script src=\"https:\/\/www.google.com\/recaptcha\/api.js\"><\/script><!-- [et_pb_line_break_holder] --><!-- [et_pb_line_break_holder] -->                                <!-- [et_pb_line_break_holder] --><!-- [et_pb_line_break_holder] --><\/p>\n<form id=\"cp_nl_form_en\" method=\"post\" action=\"https:\/\/app.campaign.plus\/webform\/e8MDtx\/subscribe\"><!-- [et_pb_line_break_holder] --><label for=\"email\" style=\"color:white; font-weight: semibold; line-height: 3;\">E-mail address *<\/label><!\u2013- [et_pb_br_holder] -\u2013>            <!-- [et_pb_line_break_holder] --><input type=\"email\" name=\"email\" placeholder=\"Please enter your e-mail address\" required style=\"width: 100%; height: 40px; font-size: 16px; padding: 10px; border-radius: 5px;\"><!\u2013- [et_pb_br_holder] -\u2013><!\u2013- [et_pb_br_holder] -\u2013><!-- [et_pb_line_break_holder] --><input type=\"checkbox\" id=\"checkbox-nl\" name=\"checkbox-nl\" required style=\"transform: scale(1.7); margin-right: 10px;\"><!-- [et_pb_line_break_holder] --><label for=\"checkbox-nl\" style=\"color: white; line-height: 1.2;\"><!-- [et_pb_line_break_holder] -->        * Please send me the latest news, exclusive offers and information on new features for the Collectody app in accordance with your <a href=\"https:\/\/www.collectody.com\/datenschutzerklaerung\/\" target=\"_blank\" rel=\"noopener\" style=\"color: white; text-decoration: underline;\"> privacy policy<\/a> By receiving the free newsletter, I agree to the newsletter analysis through individual measurement, storage and evaluation of opening and click rates in recipient profiles for the purpose of designing future newsletters according to the interests of the readers. This consent can be revoked at any time with effect for the future.<!\u2013- [et_pb_br_holder] -\u2013><!\u2013- [et_pb_br_holder] -\u2013>            <!-- [et_pb_line_break_holder] -->            <button class=\"g-recaptcha contest_submit ubtn\" data-sitekey=\"6Lf6duYrAAAAADWbZHOW0ureE4dCHR7BOT6MQSc5\" data-callback=\"onSubmit\" data-size=\"invisible\" type=\"submit\" style=\"background-color: #d1ebee; color: #45818b; font-size: 22px; padding: 10px 20px; border: none; border-radius: 5px; cursor: pointer;\"> Submit <\/button><!-- [et_pb_line_break_holder] -->            <\/form>\n<p> <!-- [et_pb_line_break_holder] --> <script>  function onSubmit(token) {if(document.getElementById(\"cp_nl_form_en\").reportValidity()){document.getElementById(\"cp_nl_form_en\").submit();}} <\/script>             <!-- [et_pb_line_break_holder] --><!-- [et_pb_line_break_holder] -->[\/et_pb_code][\/et_pb_column][et_pb_column type=&#8220;1_2&#8243; _builder_version=&#8220;4.16&#8243; global_colors_info=&#8220;{}&#8220;][et_pb_image src=&#8220;https:\/\/www.collectody.com\/wp-content\/uploads\/2025\/08\/collectody-newsletter-de-de.png&#8220; alt=&#8220;Collectody &#8211; Screenshots Newsletter-Anmeldung&#8220; title_text=&#8220;collectody-newsletter-de-de&#8220; align=&#8220;center&#8220; _builder_version=&#8220;4.27.4&#8243; _module_preset=&#8220;default&#8220; background_enable_color=&#8220;off&#8220; width=&#8220;100%&#8220; max_width=&#8220;70%&#8220; global_colors_info=&#8220;{}&#8220;][\/et_pb_image][\/et_pb_column][\/et_pb_row][\/et_pb_section]<\/p>\n","protected":false},"excerpt":{"rendered":"<p>Collectody Newsletter Erfahre alles rund um Collectody in unserem kostenlosen Newsletter!Das erwartet Dich in unserem NewsletterWir informieren Dich regelm\u00e4\u00dfig \u00fcber neue Funktionen und andere Updates. Damit geh\u00f6rst Du nicht nur zu den ersten Nutzern, die sich \u00fcber neue Features freuen d\u00fcrfen, sondern Du erh\u00e4ltst dar\u00fcber hinaus hilfreiche Tipps, Tricks und Anregungen dazu. So kannst Du [&hellip;]<\/p>\n","protected":false},"author":1,"featured_media":0,"parent":0,"menu_order":0,"comment_status":"closed","ping_status":"closed","template":"","meta":{"_et_pb_use_builder":"on","_et_pb_old_content":"","_et_gb_content_width":"","footnotes":""},"class_list":["post-489","page","type-page","status-publish","hentry"],"yoast_head":"<!-- This site is optimized with the Yoast SEO plugin v27.3 - https:\/\/yoast.com\/product\/yoast-seo-wordpress\/ -->\n<title>Collectody Newsletter - Jetzt kostenlos anmelden!<\/title>\n<meta name=\"description\" content=\"Erfahre alles rund um Collectody in unserem kostenlosen Newsletter. Jetzt kostenlos und unverbindlich anmelden!\" \/>\n<meta name=\"robots\" content=\"noindex, follow\" \/>\n<meta property=\"og:locale\" content=\"en_GB\" \/>\n<meta property=\"og:type\" content=\"article\" \/>\n<meta property=\"og:title\" content=\"Collectody Newsletter - Jetzt kostenlos anmelden!\" \/>\n<meta property=\"og:description\" content=\"Erfahre alles rund um Collectody in unserem kostenlosen Newsletter. Jetzt kostenlos und unverbindlich anmelden!\" \/>\n<meta property=\"og:url\" content=\"https:\/\/www.collectody.com\/en\/collectody-newsletter\/\" \/>\n<meta property=\"og:site_name\" content=\"Collectody\" \/>\n<meta property=\"article:publisher\" content=\"https:\/\/www.facebook.com\/collectody\" \/>\n<meta property=\"article:modified_time\" content=\"2025-10-11T12:02:21+00:00\" \/>\n<meta name=\"twitter:card\" content=\"summary_large_image\" \/>\n<script type=\"application\/ld+json\" class=\"yoast-schema-graph\">{\"@context\":\"https:\\\/\\\/schema.org\",\"@graph\":[{\"@type\":\"WebPage\",\"@id\":\"https:\\\/\\\/www.collectody.com\\\/collectody-newsletter\\\/\",\"url\":\"https:\\\/\\\/www.collectody.com\\\/collectody-newsletter\\\/\",\"name\":\"Collectody Newsletter - Jetzt kostenlos anmelden!\",\"isPartOf\":{\"@id\":\"https:\\\/\\\/www.collectody.com\\\/#website\"},\"datePublished\":\"2025-01-04T10:05:12+00:00\",\"dateModified\":\"2025-10-11T12:02:21+00:00\",\"description\":\"Erfahre alles rund um Collectody in unserem kostenlosen Newsletter. Jetzt kostenlos und unverbindlich anmelden!\",\"breadcrumb\":{\"@id\":\"https:\\\/\\\/www.collectody.com\\\/collectody-newsletter\\\/#breadcrumb\"},\"inLanguage\":\"en-GB\",\"potentialAction\":[{\"@type\":\"ReadAction\",\"target\":[\"https:\\\/\\\/www.collectody.com\\\/collectody-newsletter\\\/\"]}]},{\"@type\":\"BreadcrumbList\",\"@id\":\"https:\\\/\\\/www.collectody.com\\\/collectody-newsletter\\\/#breadcrumb\",\"itemListElement\":[{\"@type\":\"ListItem\",\"position\":1,\"name\":\"Startseite\",\"item\":\"https:\\\/\\\/www.collectody.com\\\/\"},{\"@type\":\"ListItem\",\"position\":2,\"name\":\"Collectody Newsletter\"}]},{\"@type\":\"WebSite\",\"@id\":\"https:\\\/\\\/www.collectody.com\\\/#website\",\"url\":\"https:\\\/\\\/www.collectody.com\\\/\",\"name\":\"Collectody\",\"description\":\"Verwalte und organisiere alle Deine Sammlungen in einer App!\",\"publisher\":{\"@id\":\"https:\\\/\\\/www.collectody.com\\\/#organization\"},\"alternateName\":\"Verwalte und organisiere alle Deine Sammlungen in einer App!\",\"potentialAction\":[{\"@type\":\"SearchAction\",\"target\":{\"@type\":\"EntryPoint\",\"urlTemplate\":\"https:\\\/\\\/www.collectody.com\\\/?s={search_term_string}\"},\"query-input\":{\"@type\":\"PropertyValueSpecification\",\"valueRequired\":true,\"valueName\":\"search_term_string\"}}],\"inLanguage\":\"en-GB\"},{\"@type\":\"Organization\",\"@id\":\"https:\\\/\\\/www.collectody.com\\\/#organization\",\"name\":\"Collectody\",\"url\":\"https:\\\/\\\/www.collectody.com\\\/\",\"logo\":{\"@type\":\"ImageObject\",\"inLanguage\":\"en-GB\",\"@id\":\"https:\\\/\\\/www.collectody.com\\\/#\\\/schema\\\/logo\\\/image\\\/\",\"url\":\"https:\\\/\\\/www.collectody.com\\\/wp-content\\\/uploads\\\/2025\\\/01\\\/cropped-collectody-favicon.png\",\"contentUrl\":\"https:\\\/\\\/www.collectody.com\\\/wp-content\\\/uploads\\\/2025\\\/01\\\/cropped-collectody-favicon.png\",\"width\":512,\"height\":512,\"caption\":\"Collectody\"},\"image\":{\"@id\":\"https:\\\/\\\/www.collectody.com\\\/#\\\/schema\\\/logo\\\/image\\\/\"},\"sameAs\":[\"https:\\\/\\\/www.facebook.com\\\/collectody\",\"https:\\\/\\\/www.instagram.com\\\/collectody\"]}]}<\/script>\n<!-- \/ Yoast SEO plugin. -->","yoast_head_json":{"title":"Collectody Newsletter - Sign up now for free!","description":"Find out everything about Collectody in our free newsletter. Sign up now for free and without obligation!","robots":{"index":"noindex","follow":"follow"},"og_locale":"en_GB","og_type":"article","og_title":"Collectody Newsletter - Jetzt kostenlos anmelden!","og_description":"Erfahre alles rund um Collectody in unserem kostenlosen Newsletter. Jetzt kostenlos und unverbindlich anmelden!","og_url":"https:\/\/www.collectody.com\/en\/collectody-newsletter\/","og_site_name":"Collectody","article_publisher":"https:\/\/www.facebook.com\/collectody","article_modified_time":"2025-10-11T12:02:21+00:00","twitter_card":"summary_large_image","schema":{"@context":"https:\/\/schema.org","@graph":[{"@type":"WebPage","@id":"https:\/\/www.collectody.com\/collectody-newsletter\/","url":"https:\/\/www.collectody.com\/collectody-newsletter\/","name":"Collectody Newsletter - Sign up now for free!","isPartOf":{"@id":"https:\/\/www.collectody.com\/#website"},"datePublished":"2025-01-04T10:05:12+00:00","dateModified":"2025-10-11T12:02:21+00:00","description":"Find out everything about Collectody in our free newsletter. Sign up now for free and without obligation!","breadcrumb":{"@id":"https:\/\/www.collectody.com\/collectody-newsletter\/#breadcrumb"},"inLanguage":"en-GB","potentialAction":[{"@type":"ReadAction","target":["https:\/\/www.collectody.com\/collectody-newsletter\/"]}]},{"@type":"BreadcrumbList","@id":"https:\/\/www.collectody.com\/collectody-newsletter\/#breadcrumb","itemListElement":[{"@type":"ListItem","position":1,"name":"Startseite","item":"https:\/\/www.collectody.com\/"},{"@type":"ListItem","position":2,"name":"Collectody Newsletter"}]},{"@type":"WebSite","@id":"https:\/\/www.collectody.com\/#website","url":"https:\/\/www.collectody.com\/","name":"Collectody","description":"Manage and organize all your collections in one app!","publisher":{"@id":"https:\/\/www.collectody.com\/#organization"},"alternateName":"Verwalte und organisiere alle Deine Sammlungen in einer App!","potentialAction":[{"@type":"SearchAction","target":{"@type":"EntryPoint","urlTemplate":"https:\/\/www.collectody.com\/?s={search_term_string}"},"query-input":{"@type":"PropertyValueSpecification","valueRequired":true,"valueName":"search_term_string"}}],"inLanguage":"en-GB"},{"@type":"Organization","@id":"https:\/\/www.collectody.com\/#organization","name":"Collectody","url":"https:\/\/www.collectody.com\/","logo":{"@type":"ImageObject","inLanguage":"en-GB","@id":"https:\/\/www.collectody.com\/#\/schema\/logo\/image\/","url":"https:\/\/www.collectody.com\/wp-content\/uploads\/2025\/01\/cropped-collectody-favicon.png","contentUrl":"https:\/\/www.collectody.com\/wp-content\/uploads\/2025\/01\/cropped-collectody-favicon.png","width":512,"height":512,"caption":"Collectody"},"image":{"@id":"https:\/\/www.collectody.com\/#\/schema\/logo\/image\/"},"sameAs":["https:\/\/www.facebook.com\/collectody","https:\/\/www.instagram.com\/collectody"]}]}},"_links":{"self":[{"href":"https:\/\/www.collectody.com\/en\/wp-json\/wp\/v2\/pages\/489","targetHints":{"allow":["GET"]}}],"collection":[{"href":"https:\/\/www.collectody.com\/en\/wp-json\/wp\/v2\/pages"}],"about":[{"href":"https:\/\/www.collectody.com\/en\/wp-json\/wp\/v2\/types\/page"}],"author":[{"embeddable":true,"href":"https:\/\/www.collectody.com\/en\/wp-json\/wp\/v2\/users\/1"}],"replies":[{"embeddable":true,"href":"https:\/\/www.collectody.com\/en\/wp-json\/wp\/v2\/comments?post=489"}],"version-history":[{"count":61,"href":"https:\/\/www.collectody.com\/en\/wp-json\/wp\/v2\/pages\/489\/revisions"}],"predecessor-version":[{"id":1871,"href":"https:\/\/www.collectody.com\/en\/wp-json\/wp\/v2\/pages\/489\/revisions\/1871"}],"wp:attachment":[{"href":"https:\/\/www.collectody.com\/en\/wp-json\/wp\/v2\/media?parent=489"}],"curies":[{"name":"wp","href":"https:\/\/api.w.org\/{rel}","templated":true}]}}